{"id":19,"date":"2019-03-21T08:46:23","date_gmt":"2019-03-21T07:46:23","guid":{"rendered":"http:\/\/si-gui.com\/index.php\/mesmerize\/"},"modified":"2021-08-06T16:50:36","modified_gmt":"2021-08-06T14:50:36","slug":"mesmerize","status":"publish","type":"page","link":"https:\/\/si-gui.com\/","title":{"rendered":"Front Page"},"content":{"rendered":"<div  id=\"qui-sommes-nous\" class=\"about-images-right-section-mc content-section content-section-spacing\" style=\"background-color: #f5fafd; background-image: none;\" data-label=\"Qui sommes nous\" data-id=\"about-images-right-section-mc\" data-export-id=\"about-images-right-section-mc\" data-bullets-visibility=\"true\" data-category=\"about\">\n<div  class=\"gridContainer\">\n<div  class=\"row middle-sm text-center\">\n<div  class=\"col-sm-5 content-center-sm\" data-type=\"column\">\n<h5  class=\"\"><\/h5>\n<h1  class=\"\" style=\"text-align: center;\">&nbsp;La <strong >solution id\u00e9ale<\/strong> pour tous vos besoins!!<\/h1>\n<p  class=\"\">Nous avons \u00e0 disposition une \u00e9quipe de t\u00e9l\u00e9communication extr\u00eamement motiv\u00e9e et exp\u00e9riment\u00e9e, ainsi que des ing\u00e9nieurs de technologie d\u2019information pour nos projets. Notre \u00e9quipe est valoris\u00e9e par son approche d\u00e9taill\u00e9e et m\u00e9ticuleuse lors de la conception de solutions et sa capacit\u00e9 d\u2019adaptation, d\u2019\u00e9coute et de collaboration avec nos clients.<\/p>\n<p  class=\"\"><\/p>\n\n<\/div>\n<div  class=\"col-sm-7 space-bottom-xs\">\n<div  class=\"image-group-side-3-img\"><img decoding=\"async\"  class=\"topimg shadow-large\" title=\"cropped-green-circuit-board-cyber-future-technology_42077-376.jpg\" src=\"http:\/\/si-gui.com\/wp-content\/uploads\/2019\/11\/cropped-green-circuit-board-cyber-future-technology_42077-376.jpg\" alt=\"\"> <img decoding=\"async\"  loading=\"lazy\" class=\"rightimg shadow-large\" title=\"cropped-reseaux2.jpg\" src=\"http:\/\/si-gui.com\/wp-content\/uploads\/2019\/11\/cropped-reseaux2.jpg\" alt=\"\" width=\"572\" height=\"310\">\n<div  class=\"leftimg\"><img decoding=\"async\"  class=\"shadow-large\" title=\"cropped-AdobeStock_79551548.jpeg\" src=\"http:\/\/si-gui.com\/wp-content\/uploads\/2019\/11\/cropped-AdobeStock_79551548.jpeg\" alt=\"\"><\/div>\n<\/div>\n<\/div>\n<\/div>\n<\/div>\n<\/div><div  id=\"services\" class=\"features-ov-4-mc content-section content-section-spacing\" style=\"background-color: #ffffff; background-image: none;\" data-label=\"Services\" data-id=\"features-ov-4-mc\" data-export-id=\"features-ov-4-mc\" data-category=\"features\">\n<div  class=\"gridContainer\">\n<div  class=\"row spaced-cols text-center\" data-type=\"row\">\n<div  class=\"col-xs-12 col-sm-4 col-padding\"><i  class=\"fa icon shadow-large-black aligncenter color1 fa-cogs bordered round large\"><\/i>\n<div  class=\"\" data-type=\"column\">\n<h5  class=\"font-400\"><strong >MAINTENANCE INFORMATIQUE<\/strong><\/h5>\n<p  class=\"\">Installation , d\u00e9pannage, ect \u2026.<\/p>\nLes pannes sont\n\n<\/div>\n<\/div>\n<div  class=\"col-xs-12 col-sm-4 col-padding\"><i  class=\"fa icon shadow-large-black aligncenter color2 fa-server bordered round large\"><\/i>\n<div  class=\"\" data-type=\"column\">\n<h5  class=\"font-400\"><strong >R\u00c9SEAUX &amp; SYST\u00c8MES<\/strong><\/h5>\n<p  class=\"\">Nous sommes dans monde connect\u00e9 et perp\u00e9tuellement en \u00e9volution . Nous sommes en \u00e9troite collaboration avec les op\u00e9rateurs de t\u00e9l\u00e9phonies et les fournisseurs d\u2019acc\u00e8s internet. Nous vous conseillons et nous vous accompagnons dans la r\u00e9alisation de vos projet sur les infrastructure r\u00e9seaux.<\/p>\n<p  class=\"\">Nous sommes un stade ou les syst\u00e8mes \u00e9voluent de jour en jour . Nos \u00e9quipes aussi s\u2019adapte aux moindre changement . Nous mettons en place les serveurs , la virtualisation, et la messagerie.<\/p>\n\n<\/div>\n<\/div>\n<div  class=\"col-xs-12 col-sm-4 col-padding\"><i  class=\"fa icon shadow-large-black aligncenter color4 fa-envelope-o bordered round large\"><\/i>\n<div  class=\"\" data-type=\"column\"><\/div>\n<h5  class=\"font-400\"><strong >MESSAGERIE<\/strong><\/h5>\nla messagerie Exchange , Gmail\n\nLa messagerie est l\u2019un des outils indispensable de communication pour les entreprises comme pour les particuliers. la gestion de la messagerie peut s\u2019av\u00e9rer comme une casse-t\u00eate pour les entreprises voir m\u00eame tr\u00e8s compliqu\u00e9, sans oublier les multitudes de choix quelle nous offre.\n\nNous sommes l\u00e0 pour vous assister , vous conseiller et vous aider au mieux dans vos besoins.\n\n<\/div>\n<\/div>\n<\/div>\n<\/div>","protected":false},"excerpt":{"rendered":"<p>&nbsp;La solution id\u00e9ale pour tous vos besoins!! Nous avons \u00e0 disposition une \u00e9quipe de t\u00e9l\u00e9communication extr\u00eamement motiv\u00e9e et exp\u00e9riment\u00e9e, ainsi que des ing\u00e9nieurs de technologie d\u2019information pour nos projets. Notre \u00e9quipe est valoris\u00e9e par son approche d\u00e9taill\u00e9e et m\u00e9ticuleuse lors de la conception de solutions et sa capacit\u00e9 d\u2019adaptation, d\u2019\u00e9coute et de collaboration avec nos&hellip; <br \/> <a class=\"read-more\" href=\"https:\/\/si-gui.com\/\">Lire la suite<\/a><\/p>\n","protected":false},"author":1,"featured_media":0,"parent":0,"menu_order":0,"comment_status":"closed","ping_status":"closed","template":"page-templates\/homepage.php","meta":[],"_links":{"self":[{"href":"https:\/\/si-gui.com\/index.php\/wp-json\/wp\/v2\/pages\/19"}],"collection":[{"href":"https:\/\/si-gui.com\/index.php\/wp-json\/wp\/v2\/pages"}],"about":[{"href":"https:\/\/si-gui.com\/index.php\/wp-json\/wp\/v2\/types\/page"}],"author":[{"embeddable":true,"href":"https:\/\/si-gui.com\/index.php\/wp-json\/wp\/v2\/users\/1"}],"replies":[{"embeddable":true,"href":"https:\/\/si-gui.com\/index.php\/wp-json\/wp\/v2\/comments?post=19"}],"version-history":[{"count":59,"href":"https:\/\/si-gui.com\/index.php\/wp-json\/wp\/v2\/pages\/19\/revisions"}],"predecessor-version":[{"id":290,"href":"https:\/\/si-gui.com\/index.php\/wp-json\/wp\/v2\/pages\/19\/revisions\/290"}],"wp:attachment":[{"href":"https:\/\/si-gui.com\/index.php\/wp-json\/wp\/v2\/media?parent=19"}],"curies":[{"name":"wp","href":"https:\/\/api.w.org\/{rel}","templated":true}]}}