{"id":22,"date":"2019-03-21T17:17:46","date_gmt":"2019-03-21T16:17:46","guid":{"rendered":"http:\/\/si-gui.com\/?page_id=22"},"modified":"2023-06-23T14:54:52","modified_gmt":"2023-06-23T12:54:52","slug":"services","status":"publish","type":"page","link":"https:\/\/si-gui.com\/index.php\/services\/","title":{"rendered":"Services"},"content":{"rendered":"\n<p>Nos services&nbsp;:<\/p>\n\n\n\n<ul>\n<li>Solutions informatiques&nbsp;: de nos jours Les\nsoci\u00e9t\u00e9s sont trop souvent p\u00e9nalis\u00e9es par leurs outils informatiques tr\u00e8s peu\nperformant. <\/li>\n\n\n\n<li>Nous mettons \u00e0 votre disposition une \u00e9quipe de\ntechniciens, d\u2019ing\u00e9nieurs et de chefs de projets, avec plusieurs niveaux de\ncomp\u00e9tence r\u00e9seau et syst\u00e8me.<\/li>\n\n\n\n<li>Nous sommes \u00e0 l\u2019\u00e9coute vos besoins, de vos\nprobl\u00e9matiques et nous vous accompagnons au fur et \u00e0 mesure dans votre\n\u00e9volution.<\/li>\n\n\n\n<li>Pr\u00e9-installation et pr\u00e9-configuration de vos\nmat\u00e9riels en laboratoire, nous permettant de vous livrer un produit \u00e0 90%\nfonctionnel.<\/li>\n<\/ul>\n\n\n\n<p>Nos Services&nbsp;:<\/p>\n\n\n\n<div class=\"is-layout-flex wp-container-4 wp-block-columns\">\n<div class=\"is-layout-flow wp-block-column\"><\/div>\n\n\n\n<div class=\"is-layout-flow wp-block-column\"><\/div>\n\n\n\n<div class=\"is-layout-flow wp-block-column\"><\/div>\n<\/div>\n\n\n\n<div class=\"is-layout-constrained wp-block-group\"><div class=\"wp-block-group__inner-container\">\n<div class=\"is-layout-constrained wp-block-group\"><div class=\"wp-block-group__inner-container\">\n<div class=\"is-layout-constrained wp-block-group\"><div class=\"wp-block-group__inner-container\">\n<figure class=\"wp-block-table is-style-stripes has-small-font-size\"><table class=\"has-fixed-layout\"><tbody><tr><td class=\"has-text-align-center\" data-align=\"center\"><strong>INFRASTRUCTURE<\/strong><\/td><\/tr><\/tbody><\/table><\/figure>\n<\/div><\/div>\n<\/div><\/div>\n<\/div><\/div>\n\n\n\n<div class=\"is-layout-flex wp-container-9 wp-block-columns is-not-stacked-on-mobile\">\n<div class=\"is-layout-flow wp-block-column\" style=\"flex-basis:100%\">\n<figure class=\"wp-block-table is-style-stripes\"><table class=\"has-fixed-layout\"><tbody><tr><th class=\"has-text-align-left\" data-align=\"left\">R\u00c9SEAUX<\/th><th>SYST\u00c8MES<\/th><th> <p>SAUVEGARDE<\/p> <\/th><\/tr><tr><td class=\"has-text-align-left\" data-align=\"left\"><ul><li>C\u00e2bler\/rec\u00e2bler les baies r\u00e9seau<\/li><\/ul><ul><li>Installer et configurer des \u00e9quipements<\/li><\/ul><ul><li>Am\u00e9liorer\/optimiser les performances r\u00e9seau<\/li><\/ul><ul><li>G\u00e9rer des pannes avec moins de tol\u00e9rance<\/li><\/ul><ul><li>Optimiser et\/ou Rationaliser des ressources.<\/li><\/ul><ul><li>Garantir l\u2019interconnexion interne ou externe<\/li><\/ul><\/td><td><ul><li>Installer et configurer des postes et des serveurs<\/li><\/ul><ul><li>Faire la maintenance sur les \u00e9quipement<\/li><\/ul><ul><li>Faire la virtualisation compl\u00e8te ou partielle des serveur<\/li><\/ul><ul><li>Passer au Cloud Computin<\/li><\/ul><ul><li>D\u00e9ploiement des application m\u00e9tier et autres service<\/li><\/ul><ul><li>G\u00e9rer les applications Microsoft, Google et autres<\/li><\/ul><\/td><td><ul><li>G\u00e9rer les donn\u00e9es stock\u00e9es ou manipul\u00e9es<\/li><\/ul><ul><li>Mettre Backup vers le Data Center et\/ou Cloud<\/li><\/ul><ul><li>Mettre en place d\u2019une Baie de stockage<\/li><\/ul><ul><li>Garantir la protection des donn\u00e9e<\/li><\/ul><ul><li>Migrer et restaurer les donn\u00e9es<br>Solution de sauvegarde interne et\/ou externe<\/li><\/ul> <\/td><\/tr><\/tbody><\/table><\/figure>\n\n\n\n<figure class=\"wp-block-table is-style-stripes\"><table><tbody><tr><td class=\"has-text-align-center\" data-align=\"center\"><strong>SERVICES<\/strong><\/td><\/tr><\/tbody><\/table><\/figure>\n<\/div>\n<\/div>\n\n\n\n<div class=\"is-layout-flex wp-container-11 wp-block-columns\">\n<div class=\"is-layout-flow wp-block-column\" style=\"flex-basis:100%\">\n<figure class=\"wp-block-table is-style-stripes\"><table><tbody><tr><td><strong>ACHAT\/VENTE<\/strong><\/td><td><strong>PRESTATION<\/strong><\/td><\/tr><tr><td>Commander les \u00e9quipements n\u00e9cessaires<br>Garantir la compatibilit\u00e9 des \u00e9quipements<br>Mettre en place une extension de Garantie<br>G\u00e9rer les licences n\u00e9cessaires<br><br><br><\/td><td>Mettre en place un Plan de Reprise d\u2019Activit\u00e9<br>D\u00e9finir une architecture adapt\u00e9e et \u00e9volutive<br>Accompagner l\u2019entreprise \u00e0 chaque niveau de son \u00e9volution<br>Administrer les consoles de gestion des outils<br>Assister l\u2019entreprise en locale ou \u00e0 distant<br><br><br><\/td><\/tr><tr><td><\/td><td><\/td><\/tr><\/tbody><\/table><\/figure>\n<\/div>\n<\/div>\n","protected":false},"excerpt":{"rendered":"<p>Nos services&nbsp;: Nos Services&nbsp;: INFRASTRUCTURE R\u00c9SEAUX SYST\u00c8MES SAUVEGARDE C\u00e2bler\/rec\u00e2bler les baies r\u00e9seau Installer et configurer des \u00e9quipements Am\u00e9liorer\/optimiser les performances r\u00e9seau G\u00e9rer des pannes avec moins de tol\u00e9rance Optimiser et\/ou Rationaliser des ressources. Garantir l\u2019interconnexion interne ou externe Installer et configurer des postes et des serveurs Faire la maintenance sur les \u00e9quipement Faire la virtualisation&hellip; <br \/> <a class=\"read-more\" href=\"https:\/\/si-gui.com\/index.php\/services\/\">Lire la suite<\/a><\/p>\n","protected":false},"author":1,"featured_media":0,"parent":0,"menu_order":0,"comment_status":"closed","ping_status":"closed","template":"","meta":[],"_links":{"self":[{"href":"https:\/\/si-gui.com\/index.php\/wp-json\/wp\/v2\/pages\/22"}],"collection":[{"href":"https:\/\/si-gui.com\/index.php\/wp-json\/wp\/v2\/pages"}],"about":[{"href":"https:\/\/si-gui.com\/index.php\/wp-json\/wp\/v2\/types\/page"}],"author":[{"embeddable":true,"href":"https:\/\/si-gui.com\/index.php\/wp-json\/wp\/v2\/users\/1"}],"replies":[{"embeddable":true,"href":"https:\/\/si-gui.com\/index.php\/wp-json\/wp\/v2\/comments?post=22"}],"version-history":[{"count":32,"href":"https:\/\/si-gui.com\/index.php\/wp-json\/wp\/v2\/pages\/22\/revisions"}],"predecessor-version":[{"id":363,"href":"https:\/\/si-gui.com\/index.php\/wp-json\/wp\/v2\/pages\/22\/revisions\/363"}],"wp:attachment":[{"href":"https:\/\/si-gui.com\/index.php\/wp-json\/wp\/v2\/media?parent=22"}],"curies":[{"name":"wp","href":"https:\/\/api.w.org\/{rel}","templated":true}]}}